{"id":13,"date":"2023-03-17T16:41:47","date_gmt":"2023-03-17T15:41:47","guid":{"rendered":"https:\/\/ema-salon.com\/?page_id=13"},"modified":"2025-01-03T22:01:32","modified_gmt":"2025-01-03T21:01:32","slug":"home","status":"publish","type":"page","link":"https:\/\/ema-salon.com\/","title":{"rendered":"Home"},"content":{"rendered":"\n<div class=\"wp-block-cover alignfull is-light hestia-clear-top-padding\" style=\"min-height:786px;aspect-ratio:unset;\"><span aria-hidden=\"true\" class=\"wp-block-cover__background has-white-background-color has-background-dim-100 has-background-dim\"><\/span><div class=\"wp-block-cover__inner-container is-layout-flow wp-block-cover-is-layout-flow\">\n<div class=\"wp-block-columns container is-layout-flex wp-container-core-columns-is-layout-28f84493 wp-block-columns-is-layout-flex\"><\/div>\n\n\n\n<div class=\"wp-block-columns is-layout-flex wp-container-core-columns-is-layout-28f84493 wp-block-columns-is-layout-flex\">\n<div class=\"wp-block-column is-layout-flow wp-block-column-is-layout-flow\">\n<figure class=\"wp-block-image size-large is-style-default\"><img loading=\"lazy\" decoding=\"async\" width=\"748\" height=\"459\" src=\"https:\/\/ema-salon.com\/wp-content\/uploads\/2023\/03\/pic03.jpg\" alt=\"\" class=\"wp-image-55\" srcset=\"https:\/\/ema-salon.com\/wp-content\/uploads\/2023\/03\/pic03.jpg 748w, https:\/\/ema-salon.com\/wp-content\/uploads\/2023\/03\/pic03-300x184.jpg 300w\" sizes=\"auto, (max-width: 748px) 100vw, 748px\" \/><\/figure>\n<\/div>\n\n\n\n<div class=\"wp-block-column is-vertically-aligned-center is-layout-flow wp-block-column-is-layout-flow\">\n<h5 class=\"wp-block-heading has-text-align-center has-white-background-color has-text-color has-background\" style=\"color:#666666\">Audrey, H\u00e9l\u00e8ne et Aline vous re\u00e7oivent dans un nouveau  cadre, typique d&rsquo;Arras et \u00e0 deux pas du beffroi.<\/h5>\n\n\n\n<h5 class=\"wp-block-heading has-text-align-center\"><a href=\"https:\/\/www.facebook.com\/ema.salon62\" data-type=\"URL\" data-id=\"https:\/\/www.facebook.com\/ema.salon62\">Suivez nous sur facebook<\/a>&nbsp;<\/h5>\n\n\n\n<h5 class=\"wp-block-heading has-text-align-center\"><a rel=\"noreferrer noopener\" href=\"https:\/\/www.instagram.com\/ema.salon62\/\" target=\"_blank\">Suivez nous sur Instagram<\/a><\/h5>\n<\/div>\n<\/div>\n\n\n\n<div class=\"wp-block-columns is-layout-flex wp-container-core-columns-is-layout-28f84493 wp-block-columns-is-layout-flex\">\n<div class=\"wp-block-column is-vertically-aligned-center is-layout-flow wp-block-column-is-layout-flow\">\n<h5 class=\"wp-block-heading has-text-align-center has-text-color\" style=\"color:#666666\">LOCALISATION  <\/h5>\n\n\n\n<h5 class=\"wp-block-heading has-text-align-center has-text-color\" style=\"color:#666666\">28 rue Desir\u00e9 Delansorne<br>62000 ARRAS<\/h5>\n\n\n\n<h5 class=\"wp-block-heading has-text-align-center has-text-color\" style=\"color:#666666\">Tel : 03 21 16 78 45<br>mail :&nbsp;<a href=\"https:\/\/ema-salon.com\/index.php\/contact\/\" data-type=\"URL\" data-id=\"https:\/\/ema-salon.com\/index.php\/contact\/\"><img loading=\"lazy\" decoding=\"async\" width=\"30\" height=\"20\" class=\"wp-image-149\" style=\"width: 30px;\" src=\"https:\/\/ema-salon.com\/wp-content\/uploads\/2023\/03\/mail.png\" alt=\"\"><\/a> <\/h5>\n<\/div>\n\n\n\n<div class=\"wp-block-column is-vertically-aligned-center is-layout-flow wp-block-column-is-layout-flow\">\n<figure class=\"wp-block-image size-large is-style-default\"><img loading=\"lazy\" decoding=\"async\" width=\"748\" height=\"459\" src=\"https:\/\/ema-salon.com\/wp-content\/uploads\/2023\/03\/pic01.jpg\" alt=\"\" class=\"wp-image-53\" srcset=\"https:\/\/ema-salon.com\/wp-content\/uploads\/2023\/03\/pic01.jpg 748w, https:\/\/ema-salon.com\/wp-content\/uploads\/2023\/03\/pic01-300x184.jpg 300w\" sizes=\"auto, (max-width: 748px) 100vw, 748px\" \/><\/figure>\n<\/div>\n<\/div>\n\n\n\n<div class=\"wp-block-columns is-layout-flex wp-container-core-columns-is-layout-28f84493 wp-block-columns-is-layout-flex\">\n<div class=\"wp-block-column is-layout-flow wp-block-column-is-layout-flow\">\n<figure class=\"wp-block-gallery has-nested-images columns-default is-cropped wp-block-gallery-1 is-layout-flex wp-block-gallery-is-layout-flex\">\n<figure class=\"wp-block-image size-medium\"><img loading=\"lazy\" decoding=\"async\" width=\"300\" height=\"212\" data-id=\"54\" src=\"https:\/\/ema-salon.com\/wp-content\/uploads\/2023\/03\/pic02-300x212.jpg\" alt=\"\" class=\"wp-image-54\" srcset=\"https:\/\/ema-salon.com\/wp-content\/uploads\/2023\/03\/pic02-300x212.jpg 300w, https:\/\/ema-salon.com\/wp-content\/uploads\/2023\/03\/pic02.jpg 748w\" sizes=\"auto, (max-width: 300px) 100vw, 300px\" \/><\/figure>\n<\/figure>\n<\/div>\n\n\n\n<div class=\"wp-block-column is-vertically-aligned-center is-layout-flow wp-block-column-is-layout-flow\">\n<h5 class=\"wp-block-heading has-text-align-center has-text-color\" style=\"color:#666666\">HORAIRE<br>Mardi &#8211; 9H00 &#8211; 19H00<br>Mercredi &#8211; 9H00 &#8211; 19H00<br>Jeudi &#8211; 9H00 &#8211; 19H00<br>Vendredi &#8211; 9H00 &#8211; 19H00<br>Samedi &#8211; 8H00 &#8211; 17H00<\/h5>\n<\/div>\n<\/div>\n\n\n\n<div class=\"wp-block-columns is-layout-flex wp-container-core-columns-is-layout-28f84493 wp-block-columns-is-layout-flex\">\n<div class=\"wp-block-column is-vertically-aligned-center is-layout-flow wp-block-column-is-layout-flow\">\n<h5 class=\"wp-block-heading alignwide has-text-align-center has-text-color\" style=\"color:#666666\">Nos marques pour la coiffure et le rasage<\/h5>\n<\/div>\n\n\n\n<div class=\"wp-block-column is-vertically-aligned-center is-layout-flow wp-block-column-is-layout-flow\"><div class=\"wp-block-image\">\n<figure class=\"aligncenter size-large\"><img loading=\"lazy\" decoding=\"async\" width=\"300\" height=\"168\" src=\"https:\/\/ema-salon.com\/wp-content\/uploads\/2023\/03\/loreal.png\" alt=\"\" class=\"wp-image-91\"\/><\/figure>\n<\/div>\n\n<div class=\"wp-block-image\">\n<figure class=\"aligncenter size-large\"><img loading=\"lazy\" decoding=\"async\" width=\"520\" height=\"144\" src=\"https:\/\/ema-salon.com\/wp-content\/uploads\/2023\/03\/lgparis.png\" alt=\"\" class=\"wp-image-90\" srcset=\"https:\/\/ema-salon.com\/wp-content\/uploads\/2023\/03\/lgparis.png 520w, https:\/\/ema-salon.com\/wp-content\/uploads\/2023\/03\/lgparis-300x83.png 300w\" sizes=\"auto, (max-width: 520px) 100vw, 520px\" \/><\/figure>\n<\/div>\n\n<div class=\"wp-block-image\">\n<figure class=\"aligncenter size-large\"><img loading=\"lazy\" decoding=\"async\" width=\"720\" height=\"93\" src=\"https:\/\/ema-salon.com\/wp-content\/uploads\/2023\/03\/taylor-of-old-bond-street.png\" alt=\"\" class=\"wp-image-92\" srcset=\"https:\/\/ema-salon.com\/wp-content\/uploads\/2023\/03\/taylor-of-old-bond-street.png 720w, https:\/\/ema-salon.com\/wp-content\/uploads\/2023\/03\/taylor-of-old-bond-street-300x39.png 300w\" sizes=\"auto, (max-width: 720px) 100vw, 720px\" \/><\/figure>\n<\/div><\/div>\n<\/div>\n<\/div><\/div>\n","protected":false},"excerpt":{"rendered":"","protected":false},"author":1,"featured_media":0,"parent":0,"menu_order":0,"comment_status":"closed","ping_status":"closed","template":"","meta":{"footnotes":""},"class_list":["post-13","page","type-page","status-publish","hentry"],"_links":{"self":[{"href":"https:\/\/ema-salon.com\/index.php\/wp-json\/wp\/v2\/pages\/13","targetHints":{"allow":["GET"]}}],"collection":[{"href":"https:\/\/ema-salon.com\/index.php\/wp-json\/wp\/v2\/pages"}],"about":[{"href":"https:\/\/ema-salon.com\/index.php\/wp-json\/wp\/v2\/types\/page"}],"author":[{"embeddable":true,"href":"https:\/\/ema-salon.com\/index.php\/wp-json\/wp\/v2\/users\/1"}],"replies":[{"embeddable":true,"href":"https:\/\/ema-salon.com\/index.php\/wp-json\/wp\/v2\/comments?post=13"}],"version-history":[{"count":28,"href":"https:\/\/ema-salon.com\/index.php\/wp-json\/wp\/v2\/pages\/13\/revisions"}],"predecessor-version":[{"id":195,"href":"https:\/\/ema-salon.com\/index.php\/wp-json\/wp\/v2\/pages\/13\/revisions\/195"}],"wp:attachment":[{"href":"https:\/\/ema-salon.com\/index.php\/wp-json\/wp\/v2\/media?parent=13"}],"curies":[{"name":"wp","href":"https:\/\/api.w.org\/{rel}","templated":true}]}}